{"id":741,"date":"2020-11-20T03:24:07","date_gmt":"2020-11-20T03:24:07","guid":{"rendered":"https:\/\/trustedu.com.vn\/?page_id=741"},"modified":"2024-02-21T05:26:53","modified_gmt":"2024-02-21T05:26:53","slug":"lien-he","status":"publish","type":"page","link":"https:\/\/trustedu.com.vn\/?page_id=741","title":{"rendered":"Li\u00ean H\u1ec7"},"content":{"rendered":"\n\n\t<h1>\n\t\t\t\t\tGet in Touch\n\t\t\t\t<\/h1>\n\t<h2>\n\t\t\t\t\tLi\u00ean h\u1ec7\n\t\t\t\t<\/h2>\n\t\t\t<p>TRUST EDUCATION c\u00f3 v\u0103n ph\u00f2ng \u1edf c\u1ea3 Vi\u1ec7t Nam v\u00e0 Australia<\/p>\n\t<ul>\n\t\t<li>\t\t\t\t\n\t\tHQ: 8 Edinburgh Way, Derrimut, Victoria, Australia <\/li><li>\t\t\t\t\n\t\tOffice: 117\/10 Ban Co St, Ward 3, District 3, HCMC, Vietnam<\/li><li>\t\t\t\t\n\t\tglobal@trustedu.com.vn<\/li><li>\t\t\t\t\n\t\t+8486 505 5878<\/li>\t<\/ul>\n\t<h6>\n\t\t\t\t\tKeep in Touch\n\t\t\t\t<\/h6>\n\t<iframe src=\"https:\/\/www.google.com\/maps\/embed?pb=!1m18!1m12!1m3!1d1864.7885666197706!2d106.6784555165198!3d10.77111555009137!2m3!1f0!2f0!3f0!3m2!1i1024!2i768!4f13.1!3m3!1m2!1s0x31752f205088f6d7%3A0x4edb5b9935acc4a8!2zV2FyZCAzLCAxMTcvMTAgQsOgbiBD4budLCBQaMaw4budbmcgMywgUXXhuq1uIDMsIFRow6BuaCBwaOG7kSBI4buTIENow60gTWluaCwgVmlldG5hbQ!5e0!3m2!1sen!2sus!4v1708491644663!5m2!1sen!2sus\" width=\"600\" height=\"450\" allowfullscreen=\"\" loading=\"lazy\" referrerpolicy=\"no-referrer-when-downgrade\"><\/iframe>\n\t<h4>\n\t\t\t\t\tLi\u00ean H\u1ec7\n\t\t\t\t<\/h4>\n\t<div class=\"wpforms-container \" id=\"wpforms-12\"><form id=\"wpforms-form-12\" class=\"wpforms-validate wpforms-form\" data-formid=\"12\" method=\"post\" enctype=\"multipart\/form-data\" action=\"\/index.php?rest_route=%2Fwp%2Fv2%2Fpages%2F741\" data-token=\"5331086fee7172b20b856a5aee1c5782\"><noscript class=\"wpforms-error-noscript\">Please enable JavaScript in your browser to complete this form.<\/noscript><div class=\"wpforms-field-container\"><div id=\"wpforms-12-field_1-container\" class=\"wpforms-field wpforms-field-name\" data-field-id=\"1\"><label class=\"wpforms-field-label wpforms-label-hide\" for=\"wpforms-12-field_1\">Name <span class=\"wpforms-required-label\">*<\/span><\/label><input type=\"text\" id=\"wpforms-12-field_1\" class=\"wpforms-field-large wpforms-field-required\" name=\"wpforms[fields][1]\" placeholder=\"Name\" required><\/div><div id=\"wpforms-12-field_2-container\" class=\"wpforms-field wpforms-field-email\" data-field-id=\"2\"><label class=\"wpforms-field-label wpforms-label-hide\" for=\"wpforms-12-field_2\">Email <span class=\"wpforms-required-label\">*<\/span><\/label><input type=\"email\" id=\"wpforms-12-field_2\" class=\"wpforms-field-large wpforms-field-required\" name=\"wpforms[fields][2]\" placeholder=\"Email Address\" spellcheck=\"false\" required><\/div><div id=\"wpforms-12-field_3-container\" class=\"wpforms-field wpforms-field-text\" data-field-id=\"3\"><label class=\"wpforms-field-label wpforms-label-hide\" for=\"wpforms-12-field_3\">Single Line Text<\/label><input type=\"text\" id=\"wpforms-12-field_3\" class=\"wpforms-field-large\" name=\"wpforms[fields][3]\" placeholder=\"Subject\" ><\/div><div id=\"wpforms-12-field_4-container\" class=\"wpforms-field wpforms-field-textarea\" data-field-id=\"4\"><label class=\"wpforms-field-label wpforms-label-hide\" for=\"wpforms-12-field_4\">Paragraph Text<\/label><textarea id=\"wpforms-12-field_4\" class=\"wpforms-field-medium\" name=\"wpforms[fields][4]\" placeholder=\"Your Message\" ><\/textarea><\/div><\/div><!-- .wpforms-field-container --><div class=\"wpforms-submit-container\" ><input type=\"hidden\" name=\"wpforms[id]\" value=\"12\"><input type=\"hidden\" name=\"wpforms[author]\" value=\"1\"><button type=\"submit\" name=\"wpforms[submit]\" id=\"wpforms-submit-12\" class=\"wpforms-submit\" data-alt-text=\"Sending...\" data-submit-text=\"Send Message\" aria-live=\"assertive\" value=\"wpforms-submit\">Send Message<\/button><\/div><\/form><\/div>  <!-- .wpforms-container -->\t\n\t<h2>\n\t\t\t\t\tG\u1eedi Th\u00f4ng Tin M\u1edbi\n\t\t\t\t<\/h2>\n\t\t\t<p>G\u1eedi email c\u1ee7a b\u1ea1n \u0111\u1ec3 nh\u1eadn \u0111\u01b0\u1ee3c nh\u1eefng th\u00f4ng tin m\u1edbi nh\u1ea5t<\/p>\n\t<div class=\"wpforms-container \" id=\"wpforms-10\"><form id=\"wpforms-form-10\" class=\"wpforms-validate wpforms-form\" data-formid=\"10\" method=\"post\" enctype=\"multipart\/form-data\" action=\"\/index.php?rest_route=%2Fwp%2Fv2%2Fpages%2F741\" data-token=\"211839e8412e422f6309eb6cfa3a9387\"><noscript class=\"wpforms-error-noscript\">Please enable JavaScript in your browser to complete this form.<\/noscript><div class=\"wpforms-field-container\"><div id=\"wpforms-10-field_1-container\" class=\"wpforms-field wpforms-field-email wpforms-two-thirds wpforms-first\" data-field-id=\"1\"><label class=\"wpforms-field-label wpforms-label-hide\" for=\"wpforms-10-field_1\">Email <span class=\"wpforms-required-label\">*<\/span><\/label><input type=\"email\" id=\"wpforms-10-field_1\" class=\"wpforms-field-large wpforms-field-required\" name=\"wpforms[fields][1]\" placeholder=\"Enter your email\" spellcheck=\"false\" required><\/div><\/div><!-- .wpforms-field-container --><div class=\"wpforms-submit-container\" ><input type=\"hidden\" name=\"wpforms[id]\" value=\"10\"><input type=\"hidden\" name=\"wpforms[author]\" value=\"1\"><button type=\"submit\" name=\"wpforms[submit]\" id=\"wpforms-submit-10\" class=\"wpforms-submit wpforms-one-thirds wpforms-third\" data-alt-text=\"Sending...\" data-submit-text=\"Subscribe\" aria-live=\"assertive\" value=\"wpforms-submit\">Subscribe<\/button><\/div><\/form><\/div>  <!-- .wpforms-container -->\t\n\n","protected":false},"excerpt":{"rendered":"<p>Get in Touch Li\u00ean h\u1ec7 TRUST EDUCATION c\u00f3 v\u0103n ph\u00f2ng \u1edf c\u1ea3 Vi\u1ec7t Nam v\u00e0 Australia HQ: 8 Edinburgh Way, Derrimut, Victoria, Australia Office: 117\/10 Ban Co St, Ward 3, District 3, HCMC, Vietnam global@trustedu.com.vn +8486 505 5878 Keep in Touch Li\u00ean H\u1ec7 G\u1eedi Th\u00f4ng Tin M\u1edbi G\u1eedi email c\u1ee7a b\u1ea1n \u0111\u1ec3 nh\u1eadn \u0111\u01b0\u1ee3c nh\u1eefng &hellip;<\/p>\n<p class=\"read-more\"> <a class=\"\" href=\"https:\/\/trustedu.com.vn\/?page_id=741\"> <span class=\"screen-reader-text\">Li\u00ean H\u1ec7<\/span> Read More &raquo;<\/a><\/p>\n","protected":false},"author":1,"featured_media":0,"parent":0,"menu_order":0,"comment_status":"closed","ping_status":"closed","template":"","meta":{"site-sidebar-layout":"no-sidebar","site-content-layout":"page-builder","ast-site-content-layout":"full-width-container","site-content-style":"unboxed","site-sidebar-style":"unboxed","ast-global-header-display":"","ast-banner-title-visibility":"","ast-main-header-display":"","ast-hfb-above-header-display":"","ast-hfb-below-header-display":"","ast-hfb-mobile-header-display":"","site-post-title":"disabled","ast-breadcrumbs-content":"disabled","ast-featured-img":"disabled","footer-sml-layout":"","theme-transparent-header-meta":"enabled","adv-header-id-meta":"","stick-header-meta":"","header-above-stick-meta":"","header-main-stick-meta":"","header-below-stick-meta":"","astra-migrate-meta-layouts":"set","footnotes":""},"class_list":["post-741","page","type-page","status-publish","hentry"],"yoast_head":"<!-- This site is optimized with the Yoast SEO plugin v21.2 - https:\/\/yoast.com\/wordpress\/plugins\/seo\/ -->\n<title>Li\u00ean H\u1ec7 - Trust Education<\/title>\n<meta name=\"robots\" content=\"index, follow, max-snippet:-1, max-image-preview:large, max-video-preview:-1\" \/>\n<link rel=\"canonical\" href=\"https:\/\/trustedu.com.vn\/?page_id=741\" \/>\n<meta property=\"og:locale\" content=\"en_US\" \/>\n<meta property=\"og:type\" content=\"article\" \/>\n<meta property=\"og:title\" content=\"Li\u00ean H\u1ec7 - Trust Education\" \/>\n<meta property=\"og:description\" content=\"Get in Touch Li\u00ean h\u1ec7 TRUST EDUCATION c\u00f3 v\u0103n ph\u00f2ng \u1edf c\u1ea3 Vi\u1ec7t Nam v\u00e0 Australia HQ: 8 Edinburgh Way, Derrimut, Victoria, Australia Office: 117\/10 Ban Co St, Ward 3, District 3, HCMC, Vietnam global@trustedu.com.vn +8486 505 5878 Keep in Touch Li\u00ean H\u1ec7 G\u1eedi Th\u00f4ng Tin M\u1edbi G\u1eedi email c\u1ee7a b\u1ea1n \u0111\u1ec3 nh\u1eadn \u0111\u01b0\u1ee3c nh\u1eefng &hellip; Li\u00ean H\u1ec7 Read More &raquo;\" \/>\n<meta property=\"og:url\" content=\"https:\/\/trustedu.com.vn\/?page_id=741\" \/>\n<meta property=\"og:site_name\" content=\"Trust Education\" \/>\n<meta property=\"article:modified_time\" content=\"2024-02-21T05:26:53+00:00\" \/>\n<meta name=\"twitter:card\" content=\"summary_large_image\" \/>\n<meta name=\"twitter:label1\" content=\"Est. reading time\" \/>\n\t<meta name=\"twitter:data1\" content=\"1 minute\" \/>\n<script type=\"application\/ld+json\" class=\"yoast-schema-graph\">{\"@context\":\"https:\/\/schema.org\",\"@graph\":[{\"@type\":\"WebPage\",\"@id\":\"https:\/\/trustedu.com.vn\/?page_id=741\",\"url\":\"https:\/\/trustedu.com.vn\/?page_id=741\",\"name\":\"Li\u00ean H\u1ec7 - Trust Education\",\"isPartOf\":{\"@id\":\"https:\/\/trustedu.com.vn\/#website\"},\"datePublished\":\"2020-11-20T03:24:07+00:00\",\"dateModified\":\"2024-02-21T05:26:53+00:00\",\"breadcrumb\":{\"@id\":\"https:\/\/trustedu.com.vn\/?page_id=741#breadcrumb\"},\"inLanguage\":\"en-US\",\"potentialAction\":[{\"@type\":\"ReadAction\",\"target\":[\"https:\/\/trustedu.com.vn\/?page_id=741\"]}]},{\"@type\":\"BreadcrumbList\",\"@id\":\"https:\/\/trustedu.com.vn\/?page_id=741#breadcrumb\",\"itemListElement\":[{\"@type\":\"ListItem\",\"position\":1,\"name\":\"Home\",\"item\":\"https:\/\/trustedu.com.vn\/\"},{\"@type\":\"ListItem\",\"position\":2,\"name\":\"Li\u00ean H\u1ec7\"}]},{\"@type\":\"WebSite\",\"@id\":\"https:\/\/trustedu.com.vn\/#website\",\"url\":\"https:\/\/trustedu.com.vn\/\",\"name\":\"Trust Education\",\"description\":\"\",\"publisher\":{\"@id\":\"https:\/\/trustedu.com.vn\/#organization\"},\"potentialAction\":[{\"@type\":\"SearchAction\",\"target\":{\"@type\":\"EntryPoint\",\"urlTemplate\":\"https:\/\/trustedu.com.vn\/?s={search_term_string}\"},\"query-input\":\"required name=search_term_string\"}],\"inLanguage\":\"en-US\"},{\"@type\":\"Organization\",\"@id\":\"https:\/\/trustedu.com.vn\/#organization\",\"name\":\"Trust Education\",\"url\":\"https:\/\/trustedu.com.vn\/\",\"logo\":{\"@type\":\"ImageObject\",\"inLanguage\":\"en-US\",\"@id\":\"https:\/\/trustedu.com.vn\/#\/schema\/logo\/image\/\",\"url\":\"https:\/\/trustedu.com.vn\/wp-content\/uploads\/2020\/04\/logo-regular.png\",\"contentUrl\":\"https:\/\/trustedu.com.vn\/wp-content\/uploads\/2020\/04\/logo-regular.png\",\"width\":224,\"height\":60,\"caption\":\"Trust Education\"},\"image\":{\"@id\":\"https:\/\/trustedu.com.vn\/#\/schema\/logo\/image\/\"}}]}<\/script>\n<!-- \/ Yoast SEO plugin. -->","yoast_head_json":{"title":"Li\u00ean H\u1ec7 - Trust Education","robots":{"index":"index","follow":"follow","max-snippet":"max-snippet:-1","max-image-preview":"max-image-preview:large","max-video-preview":"max-video-preview:-1"},"canonical":"https:\/\/trustedu.com.vn\/?page_id=741","og_locale":"en_US","og_type":"article","og_title":"Li\u00ean H\u1ec7 - Trust Education","og_description":"Get in Touch Li\u00ean h\u1ec7 TRUST EDUCATION c\u00f3 v\u0103n ph\u00f2ng \u1edf c\u1ea3 Vi\u1ec7t Nam v\u00e0 Australia HQ: 8 Edinburgh Way, Derrimut, Victoria, Australia Office: 117\/10 Ban Co St, Ward 3, District 3, HCMC, Vietnam global@trustedu.com.vn +8486 505 5878 Keep in Touch Li\u00ean H\u1ec7 G\u1eedi Th\u00f4ng Tin M\u1edbi G\u1eedi email c\u1ee7a b\u1ea1n \u0111\u1ec3 nh\u1eadn \u0111\u01b0\u1ee3c nh\u1eefng &hellip; Li\u00ean H\u1ec7 Read More &raquo;","og_url":"https:\/\/trustedu.com.vn\/?page_id=741","og_site_name":"Trust Education","article_modified_time":"2024-02-21T05:26:53+00:00","twitter_card":"summary_large_image","twitter_misc":{"Est. reading time":"1 minute"},"schema":{"@context":"https:\/\/schema.org","@graph":[{"@type":"WebPage","@id":"https:\/\/trustedu.com.vn\/?page_id=741","url":"https:\/\/trustedu.com.vn\/?page_id=741","name":"Li\u00ean H\u1ec7 - Trust Education","isPartOf":{"@id":"https:\/\/trustedu.com.vn\/#website"},"datePublished":"2020-11-20T03:24:07+00:00","dateModified":"2024-02-21T05:26:53+00:00","breadcrumb":{"@id":"https:\/\/trustedu.com.vn\/?page_id=741#breadcrumb"},"inLanguage":"en-US","potentialAction":[{"@type":"ReadAction","target":["https:\/\/trustedu.com.vn\/?page_id=741"]}]},{"@type":"BreadcrumbList","@id":"https:\/\/trustedu.com.vn\/?page_id=741#breadcrumb","itemListElement":[{"@type":"ListItem","position":1,"name":"Home","item":"https:\/\/trustedu.com.vn\/"},{"@type":"ListItem","position":2,"name":"Li\u00ean H\u1ec7"}]},{"@type":"WebSite","@id":"https:\/\/trustedu.com.vn\/#website","url":"https:\/\/trustedu.com.vn\/","name":"Trust Education","description":"","publisher":{"@id":"https:\/\/trustedu.com.vn\/#organization"},"potentialAction":[{"@type":"SearchAction","target":{"@type":"EntryPoint","urlTemplate":"https:\/\/trustedu.com.vn\/?s={search_term_string}"},"query-input":"required name=search_term_string"}],"inLanguage":"en-US"},{"@type":"Organization","@id":"https:\/\/trustedu.com.vn\/#organization","name":"Trust Education","url":"https:\/\/trustedu.com.vn\/","logo":{"@type":"ImageObject","inLanguage":"en-US","@id":"https:\/\/trustedu.com.vn\/#\/schema\/logo\/image\/","url":"https:\/\/trustedu.com.vn\/wp-content\/uploads\/2020\/04\/logo-regular.png","contentUrl":"https:\/\/trustedu.com.vn\/wp-content\/uploads\/2020\/04\/logo-regular.png","width":224,"height":60,"caption":"Trust Education"},"image":{"@id":"https:\/\/trustedu.com.vn\/#\/schema\/logo\/image\/"}}]}},"_links":{"self":[{"href":"https:\/\/trustedu.com.vn\/index.php?rest_route=\/wp\/v2\/pages\/741","targetHints":{"allow":["GET"]}}],"collection":[{"href":"https:\/\/trustedu.com.vn\/index.php?rest_route=\/wp\/v2\/pages"}],"about":[{"href":"https:\/\/trustedu.com.vn\/index.php?rest_route=\/wp\/v2\/types\/page"}],"author":[{"embeddable":true,"href":"https:\/\/trustedu.com.vn\/index.php?rest_route=\/wp\/v2\/users\/1"}],"replies":[{"embeddable":true,"href":"https:\/\/trustedu.com.vn\/index.php?rest_route=%2Fwp%2Fv2%2Fcomments&post=741"}],"version-history":[{"count":8,"href":"https:\/\/trustedu.com.vn\/index.php?rest_route=\/wp\/v2\/pages\/741\/revisions"}],"predecessor-version":[{"id":1147,"href":"https:\/\/trustedu.com.vn\/index.php?rest_route=\/wp\/v2\/pages\/741\/revisions\/1147"}],"wp:attachment":[{"href":"https:\/\/trustedu.com.vn\/index.php?rest_route=%2Fwp%2Fv2%2Fmedia&parent=741"}],"curies":[{"name":"wp","href":"https:\/\/api.w.org\/{rel}","templated":true}]}}