{"id":740,"date":"2020-11-20T03:24:07","date_gmt":"2020-11-20T03:24:07","guid":{"rendered":"https:\/\/trustedu.com.vn\/?page_id=740"},"modified":"2024-10-31T14:38:27","modified_gmt":"2024-10-31T14:38:27","slug":"hoc-bong","status":"publish","type":"page","link":"https:\/\/trustedu.com.vn\/?page_id=740","title":{"rendered":"H\u1ecdc B\u1ed5ng"},"content":{"rendered":"\n\n\t<h1>\n\t\t\t\t\tScholarship\n\t\t\t\t<\/h1>\n\t\t\t<p>Launch your dreams<\/p>\n\t<h2>\n\t\t\t\t\tSinh Vi\u00ean\n\t\t\t\t<\/h2>\n\t\t\t<p><img loading=\"lazy\" decoding=\"async\" src=\"https:\/\/trustedu.com.vn\/wp-content\/uploads\/2024\/10\/0f71187f9eab26f57fba-300x300.jpg\" alt=\"\" width=\"300\" height=\"300\" \/><\/p>\n<p>Sinh vi\u00ean qu\u1ed1c t\u1ebf \u0111\u01b0\u1ee3c trao c\u00e1c lo\u1ea1i h\u1ecdc b\u1ed5ng kh\u00e1c nhau b\u1edfi c\u00e1c tr\u01b0\u1eddng \u0111\u1ea1i h\u1ecdc \u1edf Australia. \u0110i\u1ec1u ki\u1ec7n nh\u1eadn h\u1ecdc b\u1ed5ng s\u1ebd kh\u00e1c nhau t\u00f9y theo kh\u00f3a h\u1ecdc, tr\u01b0\u1eddng h\u1ecdc v\u00e0 v\u1ecb tr\u00ed c\u1ee7a t\u1eebng ti\u1ec3u bang. H\u1ecdc b\u1ed5ng c\u00f3 th\u1ec3 l\u00ean t\u1edbi 50% ho\u1eb7c th\u1eadm ch\u00ed 100% d\u00e0nh cho c\u00e1c b\u1ea1n c\u00f3 h\u1ecdc l\u1ef1c cao v\u00e0 tr\u00ecnh \u0111\u1ed9 ti\u1ebfng Anh t\u1ed1t. Ngo\u00e0i ra c\u00e1c y\u1ebfu t\u1ed1 ho\u1ea1t \u0111\u1ed9ng ngo\u1ea1i kh\u00f3a, c\u00f4ng t\u00e1c x\u00e3 h\u1ed9i v\u00e0 c\u00e1c gi\u1ea3i th\u01b0\u1edfng th\u1ec3 thao c\u0169ng \u0111\u00f3ng vai tr\u00f2 quan tr\u1ecdng trong vi\u1ec7c xin c\u00e1c su\u1ea5t h\u1ecdc qu\u00e1 gi\u00e1 n\u00e0y. Tuy nhi\u00ean c\u0169ng c\u00f3 nh\u1eefng h\u1ecdc b\u1ed5ng \u0111\u1eb7c bi\u1ec7t ch\u1ec9 d\u00e0nh cho c\u00e1c sinh vi\u00ean m\u1edbi \u0111\u0103ng k\u00fd kh\u00f3a h\u1ecdc theo th\u1eddi \u0111i\u1ec3m nh\u1ea5t \u0111\u1ecbnh c\u1ee7a c\u00e1c tr\u01b0\u1eddng v\u00e0 ti\u00eau chu\u1ea9n kh\u00f4ng qu\u00e1 cao n\u00ean ch\u1ec9 c\u1ea7n n\u1eafm b\u1eaft \u0111\u01b0\u1ee3c c\u01a1 h\u1ed9i \u0111\u00fang l\u00fac, \u0111\u00fang tr\u01b0\u1eddng.\u00a0<\/p>\n\t<h2>\n\t\t\t\t\tH\u1ecdc B\u1ed5ng\n\t\t\t\t<\/h2>\n\t\t\t<p><img loading=\"lazy\" decoding=\"async\" src=\"https:\/\/trustedu.com.vn\/wp-content\/uploads\/2024\/10\/52a4bf853c51840fdd40-1-300x300.jpg\" alt=\"\" width=\"300\" height=\"300\" \/><\/p>\n<p>T\u1ea1i TRUST EDUCATION, ch\u00fang t\u00f4i h\u1ed7 tr\u1ee3 sinh vi\u00ean qu\u1ed1c t\u1ebf t\u00ecm ki\u1ebfm h\u1ecdc b\u1ed5ng ph\u00f9 h\u1ee3p v\u00e0 n\u1ed9p \u0111\u01a1n theo l\u1ef1a ch\u1ecdn h\u1ecdc t\u1eadp v\u00e0 b\u1eb1ng c\u1ea5p. \u0110\u1ec3 t\u00ecm ra h\u1ecdc b\u1ed5ng ph\u00f9 h\u1ee3p v\u1edbi kh\u00f3a h\u1ecdc m\u01a1 \u01b0\u1edbc c\u1ee7a b\u1ea1n, h\u00e3y \u0111\u1eb7t l\u1ecbch h\u1eb9n v\u1edbi c\u00e1c t\u01b0 v\u1ea5n gi\u00e1o d\u1ee5c gi\u00e0u kinh nghi\u1ec7m c\u1ee7a ch\u00fang t\u00f4i.<\/p>\n<p>C\u00e1c tr\u01b0\u1eddng \u0110\u1ea1i H\u1ecdc \u0111ang c\u00f3 h\u1ecdc b\u1ed5ng h\u1ea5p d\u1eabn cho sinh vi\u00ean Vi\u1ec7t Nam:<\/p>\n<ul>\n<li aria-level=\"1\">University of Sydney<\/li>\n<li aria-level=\"1\">University of Western Sydney<\/li>\n<li aria-level=\"1\">University of Wollongong\u00a0<\/li>\n<li aria-level=\"1\">University of Newcastle\u00a0<\/li>\n<li aria-level=\"1\">University of New England<\/li>\n<li aria-level=\"1\">Southern Cross University<\/li>\n<li aria-level=\"1\">Monash University<\/li>\n<li aria-level=\"1\">Deakin University<\/li>\n<li aria-level=\"1\">Latrobe University<\/li>\n<li aria-level=\"1\">Swinburne University<\/li>\n<li aria-level=\"1\">Victoria University<\/li>\n<\/ul>\n\n","protected":false},"excerpt":{"rendered":"<p>Scholarship Launch your dreams Sinh Vi\u00ean Sinh vi\u00ean qu\u1ed1c t\u1ebf \u0111\u01b0\u1ee3c trao c\u00e1c lo\u1ea1i h\u1ecdc b\u1ed5ng kh\u00e1c nhau b\u1edfi c\u00e1c tr\u01b0\u1eddng \u0111\u1ea1i h\u1ecdc \u1edf Australia. \u0110i\u1ec1u ki\u1ec7n nh\u1eadn h\u1ecdc b\u1ed5ng s\u1ebd kh\u00e1c nhau t\u00f9y theo kh\u00f3a h\u1ecdc, tr\u01b0\u1eddng h\u1ecdc v\u00e0 v\u1ecb tr\u00ed c\u1ee7a t\u1eebng ti\u1ec3u bang. H\u1ecdc b\u1ed5ng c\u00f3 th\u1ec3 l\u00ean t\u1edbi 50% ho\u1eb7c th\u1eadm &hellip;<\/p>\n<p class=\"read-more\"> <a class=\"\" href=\"https:\/\/trustedu.com.vn\/?page_id=740\"> <span class=\"screen-reader-text\">H\u1ecdc B\u1ed5ng<\/span> Read More &raquo;<\/a><\/p>\n","protected":false},"author":1,"featured_media":0,"parent":0,"menu_order":0,"comment_status":"closed","ping_status":"closed","template":"","meta":{"site-sidebar-layout":"no-sidebar","site-content-layout":"page-builder","ast-site-content-layout":"full-width-container","site-content-style":"unboxed","site-sidebar-style":"unboxed","ast-global-header-display":"","ast-banner-title-visibility":"","ast-main-header-display":"","ast-hfb-above-header-display":"","ast-hfb-below-header-display":"","ast-hfb-mobile-header-display":"","site-post-title":"disabled","ast-breadcrumbs-content":"disabled","ast-featured-img":"disabled","footer-sml-layout":"","theme-transparent-header-meta":"enabled","adv-header-id-meta":"","stick-header-meta":"","header-above-stick-meta":"","header-main-stick-meta":"","header-below-stick-meta":"","astra-migrate-meta-layouts":"set","footnotes":""},"class_list":["post-740","page","type-page","status-publish","hentry"],"yoast_head":"<!-- This site is optimized with the Yoast SEO plugin v21.2 - https:\/\/yoast.com\/wordpress\/plugins\/seo\/ -->\n<title>H\u1ecdc B\u1ed5ng - Trust Education<\/title>\n<meta name=\"robots\" content=\"index, follow, max-snippet:-1, max-image-preview:large, max-video-preview:-1\" \/>\n<link rel=\"canonical\" href=\"https:\/\/trustedu.com.vn\/?page_id=740\" \/>\n<meta property=\"og:locale\" content=\"en_US\" \/>\n<meta property=\"og:type\" content=\"article\" \/>\n<meta property=\"og:title\" content=\"H\u1ecdc B\u1ed5ng - Trust Education\" \/>\n<meta property=\"og:description\" content=\"Scholarship Launch your dreams Sinh Vi\u00ean Sinh vi\u00ean qu\u1ed1c t\u1ebf \u0111\u01b0\u1ee3c trao c\u00e1c lo\u1ea1i h\u1ecdc b\u1ed5ng kh\u00e1c nhau b\u1edfi c\u00e1c tr\u01b0\u1eddng \u0111\u1ea1i h\u1ecdc \u1edf Australia. \u0110i\u1ec1u ki\u1ec7n nh\u1eadn h\u1ecdc b\u1ed5ng s\u1ebd kh\u00e1c nhau t\u00f9y theo kh\u00f3a h\u1ecdc, tr\u01b0\u1eddng h\u1ecdc v\u00e0 v\u1ecb tr\u00ed c\u1ee7a t\u1eebng ti\u1ec3u bang. H\u1ecdc b\u1ed5ng c\u00f3 th\u1ec3 l\u00ean t\u1edbi 50% ho\u1eb7c th\u1eadm &hellip; H\u1ecdc B\u1ed5ng Read More &raquo;\" \/>\n<meta property=\"og:url\" content=\"https:\/\/trustedu.com.vn\/?page_id=740\" \/>\n<meta property=\"og:site_name\" content=\"Trust Education\" \/>\n<meta property=\"article:modified_time\" content=\"2024-10-31T14:38:27+00:00\" \/>\n<meta property=\"og:image\" content=\"https:\/\/trustedu.com.vn\/wp-content\/uploads\/2024\/10\/0f71187f9eab26f57fba-300x300.jpg\" \/>\n<meta name=\"twitter:card\" content=\"summary_large_image\" \/>\n<meta name=\"twitter:label1\" content=\"Est. reading time\" \/>\n\t<meta name=\"twitter:data1\" content=\"2 minutes\" \/>\n<script type=\"application\/ld+json\" class=\"yoast-schema-graph\">{\"@context\":\"https:\/\/schema.org\",\"@graph\":[{\"@type\":\"WebPage\",\"@id\":\"https:\/\/trustedu.com.vn\/?page_id=740\",\"url\":\"https:\/\/trustedu.com.vn\/?page_id=740\",\"name\":\"H\u1ecdc B\u1ed5ng - Trust Education\",\"isPartOf\":{\"@id\":\"https:\/\/trustedu.com.vn\/#website\"},\"datePublished\":\"2020-11-20T03:24:07+00:00\",\"dateModified\":\"2024-10-31T14:38:27+00:00\",\"breadcrumb\":{\"@id\":\"https:\/\/trustedu.com.vn\/?page_id=740#breadcrumb\"},\"inLanguage\":\"en-US\",\"potentialAction\":[{\"@type\":\"ReadAction\",\"target\":[\"https:\/\/trustedu.com.vn\/?page_id=740\"]}]},{\"@type\":\"BreadcrumbList\",\"@id\":\"https:\/\/trustedu.com.vn\/?page_id=740#breadcrumb\",\"itemListElement\":[{\"@type\":\"ListItem\",\"position\":1,\"name\":\"Home\",\"item\":\"https:\/\/trustedu.com.vn\/\"},{\"@type\":\"ListItem\",\"position\":2,\"name\":\"H\u1ecdc B\u1ed5ng\"}]},{\"@type\":\"WebSite\",\"@id\":\"https:\/\/trustedu.com.vn\/#website\",\"url\":\"https:\/\/trustedu.com.vn\/\",\"name\":\"Trust Education\",\"description\":\"\",\"publisher\":{\"@id\":\"https:\/\/trustedu.com.vn\/#organization\"},\"potentialAction\":[{\"@type\":\"SearchAction\",\"target\":{\"@type\":\"EntryPoint\",\"urlTemplate\":\"https:\/\/trustedu.com.vn\/?s={search_term_string}\"},\"query-input\":\"required name=search_term_string\"}],\"inLanguage\":\"en-US\"},{\"@type\":\"Organization\",\"@id\":\"https:\/\/trustedu.com.vn\/#organization\",\"name\":\"Trust Education\",\"url\":\"https:\/\/trustedu.com.vn\/\",\"logo\":{\"@type\":\"ImageObject\",\"inLanguage\":\"en-US\",\"@id\":\"https:\/\/trustedu.com.vn\/#\/schema\/logo\/image\/\",\"url\":\"https:\/\/trustedu.com.vn\/wp-content\/uploads\/2020\/04\/logo-regular.png\",\"contentUrl\":\"https:\/\/trustedu.com.vn\/wp-content\/uploads\/2020\/04\/logo-regular.png\",\"width\":224,\"height\":60,\"caption\":\"Trust Education\"},\"image\":{\"@id\":\"https:\/\/trustedu.com.vn\/#\/schema\/logo\/image\/\"}}]}<\/script>\n<!-- \/ Yoast SEO plugin. -->","yoast_head_json":{"title":"H\u1ecdc B\u1ed5ng - Trust Education","robots":{"index":"index","follow":"follow","max-snippet":"max-snippet:-1","max-image-preview":"max-image-preview:large","max-video-preview":"max-video-preview:-1"},"canonical":"https:\/\/trustedu.com.vn\/?page_id=740","og_locale":"en_US","og_type":"article","og_title":"H\u1ecdc B\u1ed5ng - Trust Education","og_description":"Scholarship Launch your dreams Sinh Vi\u00ean Sinh vi\u00ean qu\u1ed1c t\u1ebf \u0111\u01b0\u1ee3c trao c\u00e1c lo\u1ea1i h\u1ecdc b\u1ed5ng kh\u00e1c nhau b\u1edfi c\u00e1c tr\u01b0\u1eddng \u0111\u1ea1i h\u1ecdc \u1edf Australia. \u0110i\u1ec1u ki\u1ec7n nh\u1eadn h\u1ecdc b\u1ed5ng s\u1ebd kh\u00e1c nhau t\u00f9y theo kh\u00f3a h\u1ecdc, tr\u01b0\u1eddng h\u1ecdc v\u00e0 v\u1ecb tr\u00ed c\u1ee7a t\u1eebng ti\u1ec3u bang. H\u1ecdc b\u1ed5ng c\u00f3 th\u1ec3 l\u00ean t\u1edbi 50% ho\u1eb7c th\u1eadm &hellip; H\u1ecdc B\u1ed5ng Read More &raquo;","og_url":"https:\/\/trustedu.com.vn\/?page_id=740","og_site_name":"Trust Education","article_modified_time":"2024-10-31T14:38:27+00:00","og_image":[{"url":"https:\/\/trustedu.com.vn\/wp-content\/uploads\/2024\/10\/0f71187f9eab26f57fba-300x300.jpg"}],"twitter_card":"summary_large_image","twitter_misc":{"Est. reading time":"2 minutes"},"schema":{"@context":"https:\/\/schema.org","@graph":[{"@type":"WebPage","@id":"https:\/\/trustedu.com.vn\/?page_id=740","url":"https:\/\/trustedu.com.vn\/?page_id=740","name":"H\u1ecdc B\u1ed5ng - Trust Education","isPartOf":{"@id":"https:\/\/trustedu.com.vn\/#website"},"datePublished":"2020-11-20T03:24:07+00:00","dateModified":"2024-10-31T14:38:27+00:00","breadcrumb":{"@id":"https:\/\/trustedu.com.vn\/?page_id=740#breadcrumb"},"inLanguage":"en-US","potentialAction":[{"@type":"ReadAction","target":["https:\/\/trustedu.com.vn\/?page_id=740"]}]},{"@type":"BreadcrumbList","@id":"https:\/\/trustedu.com.vn\/?page_id=740#breadcrumb","itemListElement":[{"@type":"ListItem","position":1,"name":"Home","item":"https:\/\/trustedu.com.vn\/"},{"@type":"ListItem","position":2,"name":"H\u1ecdc B\u1ed5ng"}]},{"@type":"WebSite","@id":"https:\/\/trustedu.com.vn\/#website","url":"https:\/\/trustedu.com.vn\/","name":"Trust Education","description":"","publisher":{"@id":"https:\/\/trustedu.com.vn\/#organization"},"potentialAction":[{"@type":"SearchAction","target":{"@type":"EntryPoint","urlTemplate":"https:\/\/trustedu.com.vn\/?s={search_term_string}"},"query-input":"required name=search_term_string"}],"inLanguage":"en-US"},{"@type":"Organization","@id":"https:\/\/trustedu.com.vn\/#organization","name":"Trust Education","url":"https:\/\/trustedu.com.vn\/","logo":{"@type":"ImageObject","inLanguage":"en-US","@id":"https:\/\/trustedu.com.vn\/#\/schema\/logo\/image\/","url":"https:\/\/trustedu.com.vn\/wp-content\/uploads\/2020\/04\/logo-regular.png","contentUrl":"https:\/\/trustedu.com.vn\/wp-content\/uploads\/2020\/04\/logo-regular.png","width":224,"height":60,"caption":"Trust Education"},"image":{"@id":"https:\/\/trustedu.com.vn\/#\/schema\/logo\/image\/"}}]}},"_links":{"self":[{"href":"https:\/\/trustedu.com.vn\/index.php?rest_route=\/wp\/v2\/pages\/740","targetHints":{"allow":["GET"]}}],"collection":[{"href":"https:\/\/trustedu.com.vn\/index.php?rest_route=\/wp\/v2\/pages"}],"about":[{"href":"https:\/\/trustedu.com.vn\/index.php?rest_route=\/wp\/v2\/types\/page"}],"author":[{"embeddable":true,"href":"https:\/\/trustedu.com.vn\/index.php?rest_route=\/wp\/v2\/users\/1"}],"replies":[{"embeddable":true,"href":"https:\/\/trustedu.com.vn\/index.php?rest_route=%2Fwp%2Fv2%2Fcomments&post=740"}],"version-history":[{"count":9,"href":"https:\/\/trustedu.com.vn\/index.php?rest_route=\/wp\/v2\/pages\/740\/revisions"}],"predecessor-version":[{"id":1171,"href":"https:\/\/trustedu.com.vn\/index.php?rest_route=\/wp\/v2\/pages\/740\/revisions\/1171"}],"wp:attachment":[{"href":"https:\/\/trustedu.com.vn\/index.php?rest_route=%2Fwp%2Fv2%2Fmedia&parent=740"}],"curies":[{"name":"wp","href":"https:\/\/api.w.org\/{rel}","templated":true}]}}