{"id":739,"date":"2020-11-20T03:24:07","date_gmt":"2020-11-20T03:24:07","guid":{"rendered":"https:\/\/trustedu.com.vn\/?page_id=739"},"modified":"2024-01-29T05:24:31","modified_gmt":"2024-01-29T05:24:31","slug":"di-tru","status":"publish","type":"page","link":"https:\/\/trustedu.com.vn\/?page_id=739","title":{"rendered":"Di Tr\u00fa"},"content":{"rendered":"\n\n\t<h1>\n\t\t\t\t\tC\u00e1c D\u1ecbch V\u1ee5 T\u1ea1i Trust Education\n\t\t\t\t<\/h1>\n\t<h4>\n\t\t\t\t\tD\u1ecbch v\u1ee5 visa t\u1ea1i Trust Education\n\t\t\t\t<\/h4>\n\t\t\t\t<img decoding=\"async\" src=\"https:\/\/trustedu.com.vn\/wp-content\/uploads\/2023\/11\/visa-services-img.jpg\" alt=\"Bangkok, Thailand - February 7, 2021 Australia flag on world map background.\" itemprop=\"image\"\/>\n\t<h4>\n\t\t\t\t\tT\u01b0 v\u1ea5n du l\u1ecbch\n\t\t\t\t<\/h4>\n\t\t\t<p>Ch\u00fang t\u00f4i t\u1ef1 h\u00e0o l\u00e0 \u0111\u1ed1i t\u00e1c tin c\u1eady c\u1ee7a qu\u00fd v\u1ecb trong vi\u1ec7c chu\u1ea9n b\u1ecb v\u00e0 tr\u1ea3i nghi\u1ec7m h\u00e0nh tr\u00ecnh du l\u1ecbch tuy\u1ec7t v\u1eddi t\u1ea1i x\u1ee9 s\u1edf chu\u1ed9t t\u00fai v\u00e0 h\u1ed3ng h\u1ea1c. V\u1edbi s\u1ef1 hi\u1ec3u bi\u1ebft s\u00e2u s\u1eafc v\u1ec1 \u0111\u1ea5t \u0111ai, v\u0103n h\u00f3a, v\u00e0 \u0111\u1eb7c \u0111i\u1ec3m \u0111\u1ed9c \u0111\u00e1o c\u1ee7a Australia, ch\u00fang t\u00f4i cam k\u1ebft mang \u0111\u1ebfn cho qu\u00fd kh\u00e1ch nh\u1eefng tr\u1ea3i nghi\u1ec7m du l\u1ecbch kh\u00f4ng th\u1ec3 qu\u00ean.<\/p>\n<p>\u00a0<\/p>\n<p>D\u1ecbch v\u1ee5 c\u1ee7a ch\u00fang t\u00f4i kh\u00f4ng ch\u1ec9 gi\u1edbi h\u1ea1n trong vi\u1ec7c t\u01b0 v\u1ea5n v\u1ec1 \u0111\u1ecba \u0111i\u1ec3m tham quan v\u00e0 l\u1ecbch tr\u00ecnh, m\u00e0 c\u00f2n t\u1eadp trung v\u00e0o vi\u1ec7c cung c\u1ea5p th\u00f4ng tin chi ti\u1ebft v\u1ec1 c\u00e1c quy \u0111\u1ecbnh di tr\u00fa, an ninh, v\u00e0 ti\u1ec7n \u00edch du l\u1ecbch. Ch\u00fang t\u00f4i s\u1ebd h\u1ed7 tr\u1ee3 qu\u00fd kh\u00e1ch t\u1eeb qu\u00e1 tr\u00ecnh l\u00ean k\u1ebf ho\u1ea1ch cho \u0111\u1ebfn khi ho\u00e0n th\u00e0nh chuy\u1ebfn \u0111i, \u0111\u01b0a r\u01b0\u1edbc s\u00e2n bay, s\u1eafp x\u1ebfp ch\u1ed7 \u1edf&#8230; \u0111\u1ec3 \u0111\u1ea3m b\u1ea3o m\u1ecdi kh\u00eda c\u1ea1nh c\u1ee7a h\u00e0nh tr\u00ecnh \u0111\u1ec1u \u0111\u01b0\u1ee3c t\u1ed5 ch\u1ee9c m\u1ed9t c\u00e1ch su\u00f4n s\u1ebb.<\/p>\n\t\t\t\t<img decoding=\"async\" src=\"https:\/\/trustedu.com.vn\/wp-content\/uploads\/2023\/11\/visa-services-img-04.jpg\" alt=\"Australia with beach and sea in summer on vacation\" itemprop=\"image\"\/>\n\t<h4>\n\t\t\t\t\tT\u01b0 v\u1ea5n du h\u1ecdc\n\t\t\t\t<\/h4>\n\t\t\t<p>\u00a0<\/p>\n<p>T\u01b0 v\u1ea5n du h\u1ecdc: V\u1edbi kinh nghi\u1ec7m nhi\u1ec1u n\u0103m l\u00e0m vi\u1ec7c v\u1edbi c\u00e1c tr\u01b0\u1eddng \u0110\u1ea1i h\u1ecdc, TAFE v\u00e0 Cao \u0110\u1eb3ng h\u00e0ng \u0111\u1ea7u n\u01b0\u1edbc \u00dac, TRUST EDUCATION cam k\u1ebft h\u1ed7 tr\u1ee3 nh\u1eefng l\u1ef1a ch\u1ecdn t\u1ed1t nh\u1ea5t cho gi\u1ea5c m\u01a1 du h\u1ecdc tr\u1eddi t\u00e2y c\u1ee7a c\u00e1c b\u1ea1n h\u1ecdc sinh, sinh vi\u00ean. Ch\u00fang t\u00f4i s\u1ebd l\u00ean l\u1ed9 tr\u00ecnh kh\u00e9p k\u00edn cho b\u1ea1n t\u1eeb l\u00fac ch\u1ecdn tr\u01b0\u1eddng, kh\u00f3a h\u1ecdc \u0111\u1ebfn quy tr\u00ecnh xin visa \u0111\u1ec3 \u0111\u1ea3m b\u1ea3o b\u1ea1n c\u00f3 th\u1ec3 b\u1eaft \u0111\u1ea7u h\u1ecdc t\u1eadp v\u00e0 l\u00e0m vi\u1ec7c t\u1ea1i Australia m\u1ed9t c\u00e1ch thu\u1eadn l\u1ee3i.<\/p>\n<p>\u0110\u1eb7c bi\u1ec7t ch\u00fang t\u00f4i chuy\u00ean h\u1ed7 tr\u1ee3 h\u1ecdc sinh d\u01b0\u1edbi 18 tu\u1ed5i du h\u1ecdc c\u00e1c l\u1edbp THCS v\u00e0 THPT v\u1edbi ng\u01b0\u1eddi b\u1ea3o tr\u1ee3 ho\u1eb7c t\u00ecm nh\u00e0 \u1edf ng\u01b0\u1eddi b\u1ea3n \u0111\u1ecba. Nh\u1eefng b\u1ea1n mu\u1ed1n tham quan, tr\u1ea3i nghi\u1ec7m cu\u1ed9c s\u1ed1ng du h\u1ecdc sinh tr\u01b0\u1edbc khi quy\u1ebft \u0111\u1ecbnh du h\u1ecdc ch\u00ednh th\u1ee9c c\u00f3 th\u1ec3 tham gia c\u00e1c kh\u00f3a Du H\u1ecdc H\u00e8 \u0111\u01b0\u1ee3c t\u1ed5 ch\u1ee9c v\u00e0o th\u00e1ng 7 h\u1eb1ng n\u0103m t\u1ea1i Melbourne v\u00e0 Sydney.<\/p>\n\t\t\t\t<img decoding=\"async\" src=\"https:\/\/trustedu.com.vn\/wp-content\/uploads\/2023\/11\/general-independent-visa-img.jpg\" alt=\"front view travel agent sitting behind her working place observing little globe map assistant agency world manager indoors service\" itemprop=\"image\"\/>\n\t<h4>\n\t\t\t\t\tD\u1ecbch v\u1ee5 di tr\u00fa Australia\n\t\t\t\t<\/h4>\n\t\t\t<p>D\u00f9 m\u1ee5c \u0111\u00edch c\u1ee7a b\u1ea1n l\u00e0 l\u00e0m vi\u1ec7c ng\u1eafn h\u1ea1n hay \u0111\u1ecbnh c\u01b0 d\u00e0i h\u1ea1n ch\u00fang t\u00f4i \u0111\u1ec1u \u0111\u00e1p \u1ee9ng nhu c\u1ea7u v\u1edbi \u0111\u1ed9i ng\u0169 chuy\u00ean vi\u00ean Di Tr\u00fa gi\u00e0u kinh nghi\u1ec7p v\u00e0 \u0111\u01b0\u1ee3c c\u00f4ng nh\u1eadn b\u1edfi B\u1ed9 Di Tr\u00fa Australia. H\u00e3y \u0111\u1ec3 ch\u00fang t\u00f4i gi\u1ea3i \u0111\u00e1p th\u1eafc m\u1eafc v\u00e0 \u0111\u1ecbnh h\u01b0\u1edbng l\u1ed9 tr\u00ecnh quan tr\u1ecdng c\u1ee7a b\u1ea1n v\u00e0 gia \u0111\u00ecnh v\u1edbi c\u00e1c d\u00f2ng visas n\u1ed5i b\u1eadt c\u1ee7a Australia nh\u01b0: visa du l\u1ecbch th\u0103m th\u00e2n, visa h\u00f4n nh\u00e2n v\u1edbi ng\u01b0\u1eddi \u00dac, visa b\u1ea3o l\u00e3nh cha m\u1eb9, visa \u0111\u1ecbnh c\u01b0 tay ngh\u1ec1, visa b\u1ea3o l\u00e3nh doanh nghi\u1ec7p, visa t\u00e0i n\u0103ng to\u00e0n c\u1ea7u&#8230;<\/p>\n\t\t\t\t<img decoding=\"async\" src=\"https:\/\/trustedu.com.vn\/wp-content\/uploads\/2023\/11\/skilled-visa-img.jpg\" alt=\"Visa with Australia flag, passport, airplane and globe, trip travel immigration.\" itemprop=\"image\"\/>\n\t<h4>\n\t\t\t\t\tH\u01b0\u1edbng d\u1eabn \u0111\u1ecbnh c\u01b0\n\t\t\t\t<\/h4>\n\t\t\t<p>L\u00e0 m\u1ed9t trong nh\u1eefng th\u1ebf m\u1ea1nh ch\u00ednh c\u1ee7a TRUST EDUCATION, ch\u00fang t\u00f4i l\u00ean k\u1ebf ho\u1ea1ch chi ti\u1ebft v\u1ec1 kh\u00f3a h\u1ecdc, th\u1ea9m \u0111\u1ecbnh tay ngh\u1ec1 v\u00e0 h\u1ed7 tr\u1ee3 nhi\u1ec1u ch\u01b0\u01a1ng tr\u00ecnh \u0111\u1ecbnh c\u01b0 tay ngh\u1ec1 cao t\u1ea1i Australia cho du h\u1ecdc sinh sau khi ho\u00e0n th\u00e0nh kh\u00f3a h\u1ecdc.<\/p>\n\t\t\t\t<img decoding=\"async\" src=\"https:\/\/trustedu.com.vn\/wp-content\/uploads\/2023\/11\/parnter.jpg\" alt=\"Bangkok, Thailand, March 1, 2023 Airplane on Australia world map, international flights to travel transportation concept.\" itemprop=\"image\"\/>\n\t<h4>\n\t\t\t\t\tH\u1ed7 tr\u1ee3 t\u00ecm vi\u1ec7c l\u00e0m\n\t\t\t\t<\/h4>\n\t\t\t<p>Ch\u00fang t\u00f4i s\u1ebd h\u1ed7 b\u1ea1n t\u00ecm ki\u1ebfm c\u01a1 h\u1ed9i vi\u1ec7c l\u00e0m ph\u00f9 h\u1ee3p v\u1edbi kh\u00f3a h\u1ecdc v\u00e0 k\u1ef9 n\u0103ng c\u1ee7a b\u1ea1n sau khi t\u1ed1t nghi\u1ec7p. V\u1edbi m\u1ed1i quan h\u1ec7 r\u1ed9ng l\u1edbn trong nhi\u1ec1u l\u0129nh v\u1ef1c, c\u00e1c c\u00f4ng vi\u1ec7c b\u00e1n th\u1eddi gian c\u0169ng s\u1ebd \u0111\u01b0\u1ee3c gi\u1edbi thi\u1ec7u \u0111\u1ebfn sinh vi\u00ean \u0111\u1ec3 t\u0103ng th\u00eam thu nh\u1eadp trong qu\u00e1 tr\u00ecnh h\u1ecdc t\u1eadp t\u1ea1i \u00dac.\u00a0<\/p>\n\t\t\t\t<img decoding=\"async\" src=\"https:\/\/trustedu.com.vn\/wp-content\/uploads\/2023\/11\/skilled-work-regional-visa-img.jpg\" alt=\"Woman holding two air ticket in abroad passport near airport.\" itemprop=\"image\"\/>\n\t<h4>\n\t\t\t\t\tD\u1ecbch v\u1ee5 b\u1ea3o hi\u1ec3m\n\t\t\t\t<\/h4>\n\t\t\t<p>Du l\u1ecbch ng\u1eafn h\u1ea1n, b\u1ea3o hi\u1ec3m y t\u1ebf cho ng\u01b0\u1eddi gi\u00e0, b\u1ea3o hi\u1ec3m du h\u1ecdc sinh v\u00e0 b\u1ea3o hi\u1ec3m ng\u01b0\u1eddi lao \u0111\u1ed9ng t\u1ea1m tr\u00fa.<\/p>\n\t\t\t\t<img decoding=\"async\" src=\"https:\/\/trustedu.com.vn\/wp-content\/uploads\/2021\/03\/instructor-02-free-img.jpg\" alt=\"instructor-02-free-img\" itemprop=\"image\"\/>\n\t<h4>\n\t\t\t\t\tD\u1ecbch v\u1ee5 ti\u1ebfng Anh\n\t\t\t\t<\/h4>\n\t\t\t<p>\u0110\u1ed1i v\u1edbi nh\u1eefng b\u1ea1n c\u1ea7n c\u1ea3i thi\u1ec7n kh\u1ea3 n\u0103ng ti\u1ebfng Anh, ch\u00fang t\u00f4i h\u1ed7 tr\u1ee3 c\u00e1c kh\u00f3a h\u1ecdc ti\u1ebfng Anh chuy\u00ean nghi\u1ec7p.<\/p>\n\t<h2>\n\t\t\t\t\tLi\u00ean H\u1ec7\n\t\t\t\t<\/h2>\n\t\t\t<p>G\u1eedi Email cho ch\u00fang t\u00f4i<\/p>\n\t<div class=\"wpforms-container \" id=\"wpforms-10\"><form id=\"wpforms-form-10\" class=\"wpforms-validate wpforms-form\" data-formid=\"10\" method=\"post\" enctype=\"multipart\/form-data\" action=\"\/index.php?rest_route=%2Fwp%2Fv2%2Fpages%2F739\" data-token=\"3848e3ae7d89e9c95e9da5cb6a3a67f7\"><noscript class=\"wpforms-error-noscript\">Please enable JavaScript in your browser to complete this form.<\/noscript><div class=\"wpforms-field-container\"><div id=\"wpforms-10-field_1-container\" class=\"wpforms-field wpforms-field-email wpforms-two-thirds wpforms-first\" data-field-id=\"1\"><label class=\"wpforms-field-label wpforms-label-hide\" for=\"wpforms-10-field_1\">Email <span class=\"wpforms-required-label\">*<\/span><\/label><input type=\"email\" id=\"wpforms-10-field_1\" class=\"wpforms-field-large wpforms-field-required\" name=\"wpforms[fields][1]\" placeholder=\"Enter your email\" spellcheck=\"false\" required><\/div><\/div><!-- .wpforms-field-container --><div class=\"wpforms-submit-container\" ><input type=\"hidden\" name=\"wpforms[id]\" value=\"10\"><input type=\"hidden\" name=\"wpforms[author]\" value=\"1\"><button type=\"submit\" name=\"wpforms[submit]\" id=\"wpforms-submit-10\" class=\"wpforms-submit wpforms-one-thirds wpforms-third\" data-alt-text=\"Sending...\" data-submit-text=\"Subscribe\" aria-live=\"assertive\" value=\"wpforms-submit\">Subscribe<\/button><\/div><\/form><\/div>  <!-- .wpforms-container -->\t\n\n","protected":false},"excerpt":{"rendered":"<p>C\u00e1c D\u1ecbch V\u1ee5 T\u1ea1i Trust Education D\u1ecbch v\u1ee5 visa t\u1ea1i Trust Education T\u01b0 v\u1ea5n du l\u1ecbch Ch\u00fang t\u00f4i t\u1ef1 h\u00e0o l\u00e0 \u0111\u1ed1i t\u00e1c tin c\u1eady c\u1ee7a qu\u00fd v\u1ecb trong vi\u1ec7c chu\u1ea9n b\u1ecb v\u00e0 tr\u1ea3i nghi\u1ec7m h\u00e0nh tr\u00ecnh du l\u1ecbch tuy\u1ec7t v\u1eddi t\u1ea1i x\u1ee9 s\u1edf chu\u1ed9t t\u00fai v\u00e0 h\u1ed3ng h\u1ea1c. V\u1edbi s\u1ef1 hi\u1ec3u bi\u1ebft s\u00e2u s\u1eafc &hellip;<\/p>\n<p class=\"read-more\"> <a class=\"\" href=\"https:\/\/trustedu.com.vn\/?page_id=739\"> <span class=\"screen-reader-text\">Di Tr\u00fa<\/span> Read More &raquo;<\/a><\/p>\n","protected":false},"author":1,"featured_media":0,"parent":0,"menu_order":0,"comment_status":"closed","ping_status":"closed","template":"","meta":{"site-sidebar-layout":"no-sidebar","site-content-layout":"page-builder","ast-site-content-layout":"full-width-container","site-content-style":"unboxed","site-sidebar-style":"unboxed","ast-global-header-display":"","ast-banner-title-visibility":"","ast-main-header-display":"","ast-hfb-above-header-display":"","ast-hfb-below-header-display":"","ast-hfb-mobile-header-display":"","site-post-title":"disabled","ast-breadcrumbs-content":"disabled","ast-featured-img":"disabled","footer-sml-layout":"","theme-transparent-header-meta":"enabled","adv-header-id-meta":"","stick-header-meta":"","header-above-stick-meta":"","header-main-stick-meta":"","header-below-stick-meta":"","astra-migrate-meta-layouts":"set","footnotes":""},"class_list":["post-739","page","type-page","status-publish","hentry"],"yoast_head":"<!-- This site is optimized with the Yoast SEO plugin v21.2 - https:\/\/yoast.com\/wordpress\/plugins\/seo\/ -->\n<title>Di Tr\u00fa - Trust Education<\/title>\n<meta name=\"robots\" content=\"index, follow, max-snippet:-1, max-image-preview:large, max-video-preview:-1\" \/>\n<link rel=\"canonical\" href=\"https:\/\/trustedu.com.vn\/?page_id=739\" \/>\n<meta property=\"og:locale\" content=\"en_US\" \/>\n<meta property=\"og:type\" content=\"article\" \/>\n<meta property=\"og:title\" content=\"Di Tr\u00fa - Trust Education\" \/>\n<meta property=\"og:description\" content=\"C\u00e1c D\u1ecbch V\u1ee5 T\u1ea1i Trust Education D\u1ecbch v\u1ee5 visa t\u1ea1i Trust Education T\u01b0 v\u1ea5n du l\u1ecbch Ch\u00fang t\u00f4i t\u1ef1 h\u00e0o l\u00e0 \u0111\u1ed1i t\u00e1c tin c\u1eady c\u1ee7a qu\u00fd v\u1ecb trong vi\u1ec7c chu\u1ea9n b\u1ecb v\u00e0 tr\u1ea3i nghi\u1ec7m h\u00e0nh tr\u00ecnh du l\u1ecbch tuy\u1ec7t v\u1eddi t\u1ea1i x\u1ee9 s\u1edf chu\u1ed9t t\u00fai v\u00e0 h\u1ed3ng h\u1ea1c. V\u1edbi s\u1ef1 hi\u1ec3u bi\u1ebft s\u00e2u s\u1eafc &hellip; Di Tr\u00fa Read More &raquo;\" \/>\n<meta property=\"og:url\" content=\"https:\/\/trustedu.com.vn\/?page_id=739\" \/>\n<meta property=\"og:site_name\" content=\"Trust Education\" \/>\n<meta property=\"article:modified_time\" content=\"2024-01-29T05:24:31+00:00\" \/>\n<meta property=\"og:image\" content=\"https:\/\/trustedu.com.vn\/wp-content\/uploads\/2023\/11\/visa-services-img.jpg\" \/>\n<meta name=\"twitter:card\" content=\"summary_large_image\" \/>\n<meta name=\"twitter:label1\" content=\"Est. reading time\" \/>\n\t<meta name=\"twitter:data1\" content=\"5 minutes\" \/>\n<script type=\"application\/ld+json\" class=\"yoast-schema-graph\">{\"@context\":\"https:\/\/schema.org\",\"@graph\":[{\"@type\":\"WebPage\",\"@id\":\"https:\/\/trustedu.com.vn\/?page_id=739\",\"url\":\"https:\/\/trustedu.com.vn\/?page_id=739\",\"name\":\"Di Tr\u00fa - Trust Education\",\"isPartOf\":{\"@id\":\"https:\/\/trustedu.com.vn\/#website\"},\"datePublished\":\"2020-11-20T03:24:07+00:00\",\"dateModified\":\"2024-01-29T05:24:31+00:00\",\"breadcrumb\":{\"@id\":\"https:\/\/trustedu.com.vn\/?page_id=739#breadcrumb\"},\"inLanguage\":\"en-US\",\"potentialAction\":[{\"@type\":\"ReadAction\",\"target\":[\"https:\/\/trustedu.com.vn\/?page_id=739\"]}]},{\"@type\":\"BreadcrumbList\",\"@id\":\"https:\/\/trustedu.com.vn\/?page_id=739#breadcrumb\",\"itemListElement\":[{\"@type\":\"ListItem\",\"position\":1,\"name\":\"Home\",\"item\":\"https:\/\/trustedu.com.vn\/\"},{\"@type\":\"ListItem\",\"position\":2,\"name\":\"Di Tr\u00fa\"}]},{\"@type\":\"WebSite\",\"@id\":\"https:\/\/trustedu.com.vn\/#website\",\"url\":\"https:\/\/trustedu.com.vn\/\",\"name\":\"Trust Education\",\"description\":\"\",\"publisher\":{\"@id\":\"https:\/\/trustedu.com.vn\/#organization\"},\"potentialAction\":[{\"@type\":\"SearchAction\",\"target\":{\"@type\":\"EntryPoint\",\"urlTemplate\":\"https:\/\/trustedu.com.vn\/?s={search_term_string}\"},\"query-input\":\"required name=search_term_string\"}],\"inLanguage\":\"en-US\"},{\"@type\":\"Organization\",\"@id\":\"https:\/\/trustedu.com.vn\/#organization\",\"name\":\"Trust Education\",\"url\":\"https:\/\/trustedu.com.vn\/\",\"logo\":{\"@type\":\"ImageObject\",\"inLanguage\":\"en-US\",\"@id\":\"https:\/\/trustedu.com.vn\/#\/schema\/logo\/image\/\",\"url\":\"https:\/\/trustedu.com.vn\/wp-content\/uploads\/2020\/04\/logo-regular.png\",\"contentUrl\":\"https:\/\/trustedu.com.vn\/wp-content\/uploads\/2020\/04\/logo-regular.png\",\"width\":224,\"height\":60,\"caption\":\"Trust Education\"},\"image\":{\"@id\":\"https:\/\/trustedu.com.vn\/#\/schema\/logo\/image\/\"}}]}<\/script>\n<!-- \/ Yoast SEO plugin. -->","yoast_head_json":{"title":"Di Tr\u00fa - Trust Education","robots":{"index":"index","follow":"follow","max-snippet":"max-snippet:-1","max-image-preview":"max-image-preview:large","max-video-preview":"max-video-preview:-1"},"canonical":"https:\/\/trustedu.com.vn\/?page_id=739","og_locale":"en_US","og_type":"article","og_title":"Di Tr\u00fa - Trust Education","og_description":"C\u00e1c D\u1ecbch V\u1ee5 T\u1ea1i Trust Education D\u1ecbch v\u1ee5 visa t\u1ea1i Trust Education T\u01b0 v\u1ea5n du l\u1ecbch Ch\u00fang t\u00f4i t\u1ef1 h\u00e0o l\u00e0 \u0111\u1ed1i t\u00e1c tin c\u1eady c\u1ee7a qu\u00fd v\u1ecb trong vi\u1ec7c chu\u1ea9n b\u1ecb v\u00e0 tr\u1ea3i nghi\u1ec7m h\u00e0nh tr\u00ecnh du l\u1ecbch tuy\u1ec7t v\u1eddi t\u1ea1i x\u1ee9 s\u1edf chu\u1ed9t t\u00fai v\u00e0 h\u1ed3ng h\u1ea1c. V\u1edbi s\u1ef1 hi\u1ec3u bi\u1ebft s\u00e2u s\u1eafc &hellip; Di Tr\u00fa Read More &raquo;","og_url":"https:\/\/trustedu.com.vn\/?page_id=739","og_site_name":"Trust Education","article_modified_time":"2024-01-29T05:24:31+00:00","og_image":[{"url":"https:\/\/trustedu.com.vn\/wp-content\/uploads\/2023\/11\/visa-services-img.jpg"}],"twitter_card":"summary_large_image","twitter_misc":{"Est. reading time":"5 minutes"},"schema":{"@context":"https:\/\/schema.org","@graph":[{"@type":"WebPage","@id":"https:\/\/trustedu.com.vn\/?page_id=739","url":"https:\/\/trustedu.com.vn\/?page_id=739","name":"Di Tr\u00fa - Trust Education","isPartOf":{"@id":"https:\/\/trustedu.com.vn\/#website"},"datePublished":"2020-11-20T03:24:07+00:00","dateModified":"2024-01-29T05:24:31+00:00","breadcrumb":{"@id":"https:\/\/trustedu.com.vn\/?page_id=739#breadcrumb"},"inLanguage":"en-US","potentialAction":[{"@type":"ReadAction","target":["https:\/\/trustedu.com.vn\/?page_id=739"]}]},{"@type":"BreadcrumbList","@id":"https:\/\/trustedu.com.vn\/?page_id=739#breadcrumb","itemListElement":[{"@type":"ListItem","position":1,"name":"Home","item":"https:\/\/trustedu.com.vn\/"},{"@type":"ListItem","position":2,"name":"Di Tr\u00fa"}]},{"@type":"WebSite","@id":"https:\/\/trustedu.com.vn\/#website","url":"https:\/\/trustedu.com.vn\/","name":"Trust Education","description":"","publisher":{"@id":"https:\/\/trustedu.com.vn\/#organization"},"potentialAction":[{"@type":"SearchAction","target":{"@type":"EntryPoint","urlTemplate":"https:\/\/trustedu.com.vn\/?s={search_term_string}"},"query-input":"required name=search_term_string"}],"inLanguage":"en-US"},{"@type":"Organization","@id":"https:\/\/trustedu.com.vn\/#organization","name":"Trust Education","url":"https:\/\/trustedu.com.vn\/","logo":{"@type":"ImageObject","inLanguage":"en-US","@id":"https:\/\/trustedu.com.vn\/#\/schema\/logo\/image\/","url":"https:\/\/trustedu.com.vn\/wp-content\/uploads\/2020\/04\/logo-regular.png","contentUrl":"https:\/\/trustedu.com.vn\/wp-content\/uploads\/2020\/04\/logo-regular.png","width":224,"height":60,"caption":"Trust Education"},"image":{"@id":"https:\/\/trustedu.com.vn\/#\/schema\/logo\/image\/"}}]}},"_links":{"self":[{"href":"https:\/\/trustedu.com.vn\/index.php?rest_route=\/wp\/v2\/pages\/739","targetHints":{"allow":["GET"]}}],"collection":[{"href":"https:\/\/trustedu.com.vn\/index.php?rest_route=\/wp\/v2\/pages"}],"about":[{"href":"https:\/\/trustedu.com.vn\/index.php?rest_route=\/wp\/v2\/types\/page"}],"author":[{"embeddable":true,"href":"https:\/\/trustedu.com.vn\/index.php?rest_route=\/wp\/v2\/users\/1"}],"replies":[{"embeddable":true,"href":"https:\/\/trustedu.com.vn\/index.php?rest_route=%2Fwp%2Fv2%2Fcomments&post=739"}],"version-history":[{"count":17,"href":"https:\/\/trustedu.com.vn\/index.php?rest_route=\/wp\/v2\/pages\/739\/revisions"}],"predecessor-version":[{"id":1118,"href":"https:\/\/trustedu.com.vn\/index.php?rest_route=\/wp\/v2\/pages\/739\/revisions\/1118"}],"wp:attachment":[{"href":"https:\/\/trustedu.com.vn\/index.php?rest_route=%2Fwp%2Fv2%2Fmedia&parent=739"}],"curies":[{"name":"wp","href":"https:\/\/api.w.org\/{rel}","templated":true}]}}