{"id":736,"date":"2020-11-20T03:24:07","date_gmt":"2020-11-20T03:24:07","guid":{"rendered":"https:\/\/trustedu.com.vn\/?page_id=736"},"modified":"2024-10-31T14:17:34","modified_gmt":"2024-10-31T14:17:34","slug":"trang-chu","status":"publish","type":"page","link":"https:\/\/trustedu.com.vn\/","title":{"rendered":"Trang Ch\u1ee7"},"content":{"rendered":"\n\n\t<h2>\n\t\t\t\t\t&#8220;Trust in Education Empowering Futures&#8221;\n\t\t\t\t<\/h2>\n\t\t\t<a href=\"https:\/\/trustedu.com.vn\/?page_id=738\" target=\"_self\" role=\"button\" rel=\"noopener\">\n\t\t\t\t\t\tGi\u1edbi thi\u1ec7u\n\t\t<\/a>\n\t\t\t<a href=\"https:\/\/trustedu.com.vn\/?page_id=1047\" target=\"_self\" role=\"button\" rel=\"noopener\">\n\t\t\t\t\t\tUniversity Admission\n\t\t<\/a>\n\t<h4>\n\t\t\t\t\tDu h\u1ecdc\n\t\t\t\t<\/h4>\n\t<h4>\n\t\t\t\t\tAustralia\n\t\t\t\t<\/h4>\n\t<p>B\u1ea1n \u0111\u00e3 s\u1eb5n s\u00e0ng kh\u00e1m ph\u00e1 n\u1ec1n gi\u00e1o d\u1ee5c ph\u00e1t tri\u1ec3n t\u1ea1i Australia \u0111\u1ec3 t\u1ea1o n\u1ec1n t\u1ea3ng ki\u1ebfn th\u1ee9c v\u1eefng ch\u1eafc cho ngh\u1ec1 nghi\u1ec7p t\u01b0\u01a1ng lai?<\/p>\n\t\t\t<a href=\"https:\/\/trustedu.com.vn\/?page_id=1047\" target=\"_self\" role=\"button\" rel=\"noopener\">\n\t\t\t\t\t\tC\u00e1c kh\u00f3a h\u1ecdc n\u1ed5i b\u1eadt\n\t\t<\/a>\n\t<h4>\n\t\t\t\t\tAdmission\n\t\t\t\t<\/h4>\n\t\t\t<p>Li\u00ean k\u1ebft v\u1edbi c\u00e1c tr\u01b0\u1eddng \u0110\u1ea1i h\u1ecdc h\u00e0ng \u0111\u1ea7u n\u01b0\u1edbc \u00dac<\/p>\n\t<h4>\n\t\t\t\t\tStudent Visa\n\t\t\t\t<\/h4>\n\t\t\t<p>T\u1ef7 l\u1ec7 th\u00e0nh c\u00f4ng cao<\/p>\n\t<h4>\n\t\t\t\t\tMigration Services\n\t\t\t\t<\/h4>\n\t\t\t<p>An to\u00e0n, chu \u0111\u00e1o v\u00e0 b\u1ea3o m\u1eadt<\/p>\n\t<h6>\n\t\t\t\t\tH\u1ed7 tr\u1ee3 xin h\u1ecdc b\u1ed5ng\n\t\t\t\t<\/h6>\n\t<h4>\n\t\t\t\t\tH\u1ecdc b\u1ed5ng gi\u00fap kh\u00e1m ph\u00e1 v\u00e0 tr\u1ea3i nghi\u1ec7m gi\u00e1o d\u1ee5c ho\u00e0n h\u1ea3o h\u01a1n\n\t\t\t\t<\/h4>\n\t\t\t<a href=\"https:\/\/trustedu.com.vn\/?page_id=740\" target=\"_self\" role=\"button\" rel=\"noopener\">\n\t\t\t\t\t\tT\u00ecm hi\u1ec3u ngay\n\t\t<\/a>\n\t<h6>\n\t\t\t\t\t&#8212;&#8212;&#8212;&#8212;&#8212;&#8212;&#8212;&#8212;&#8212;&#8212;&#8212;&#8212;&#8212;&#8212;&#8212;&#8211;\n\t\t\t\t<\/h6>\n\t<h2>\n\t\t\t\t\tV\u00cc SAO CH\u1eccN TRUST EDUCATION?\n\t\t\t\t<\/h2>\n\t<h4>\n\t\t\t\t\tT\u01b0 v\u1ea5n gi\u00e1o d\u1ee5c theo nhu c\u1ea7u:\n\t\t\t\t<\/h4>\n\t\t\t<p>Ch\u00fang t\u00f4i hi\u1ec3u r\u1eb1ng m\u1ed7i sinh vi\u00ean l\u00e0 \u0111\u1ed9c nh\u1ea5t v\u00e0 mang theo nh\u1eefng \u01b0\u1edbc m\u01a1 v\u00e0 m\u1ee5c ti\u00eau h\u1ecdc t\u1eadp ri\u00eang bi\u1ec7t khi \u0111\u1ebfn \u00dac. D\u1ecbch v\u1ee5 c\u1ee7a ch\u00fang t\u00f4i \u0111\u1ea3m b\u1ea3o h\u01b0\u1edbng d\u1eabn gi\u00e1o d\u1ee5c c\u00e1 nh\u00e2n h\u00f3a \u0111\u1ec3 \u0111\u00e1p \u1ee9ng nhu c\u1ea7u c\u1ee5 th\u1ec3 c\u1ee7a b\u1ea1n.<\/p>\n\t<h4>\n\t\t\t\t\tH\u1ed7 tr\u1ee3 to\u00e0n di\u1ec7n\n\t\t\t\t<\/h4>\n\t\t\t<p>Ch\u00fang t\u00f4i h\u1ed7 tr\u1ee3 to\u00e0n di\u1ec7n d\u1ecbch v\u1ee5 du h\u1ecdc v\u00e0 di tr\u00fa t\u1ea1i \u00dac, l\u1ed9 tr\u00ecnh c\u1ee7a c\u00e1c b\u1ea1n s\u1ebd \u0111\u01b0\u1ee3c l\u00ean k\u1ebf ho\u1ea1ch t\u1eeb l\u00fac ch\u1ecdn tr\u01b0\u1eddng, kh\u00f3a h\u1ecdc, n\u01a1i \u1edf, chu\u1ea9n b\u1ecb cho k\u1ef3 thi PTE\/IELTS cho \u0111\u1ebfn khi t\u1ed1t nghi\u1ec7p v\u00e0 xa h\u01a1n n\u1eefa. C\u00e1c b\u1ea1n s\u1ebd \u0111\u01b0\u1ee3c gi\u00fap \u0111\u1ee1 sau khi \u0111\u1eb7t ch\u00e2n \u0111\u1ebfn \u00dac cho \u0111\u1ebfn khi th\u00edch nghi v\u1edbi m\u00f4i tr\u01b0\u1eddng h\u1ecdc t\u1eadp v\u00e0 l\u00e0m vi\u1ec7c t\u1ea1i \u0111\u00e2y.<\/p>\n\t<h4>\n\t\t\t\t\tD\u1ecbch v\u1ee5 chuy\u00ean nghi\u1ec7p\n\t\t\t\t<\/h4>\n\t\t\t<p>Ch\u00fang t\u00f4i \u0111\u1eb7t ni\u1ec1m tin l\u00ean h\u00e0ng \u0111\u1ea7u v\u1edbi ti\u00eau ch\u00ed t\u01b0 v\u1ea5n \u0111\u00fang lu\u1eadt, r\u00f5 r\u00e0ng, v\u00e0 \u0111\u1ea3m b\u1ea3o quy\u1ec1n l\u1ee3i kh\u00e1ch h\u00e0ng. \u0110\u1ebfn v\u1edbi Trust Education, b\u1ea3o m\u1eadt d\u1eef li\u1ec7u c\u0169ng \u0111\u01b0\u1ee3c \u01b0u ti\u00ean \u0111\u1ec3 t\u1ea1o s\u1ef1 an t\u00e2m khi chia s\u1ebb th\u00f4ng tin c\u00e1 nh\u00e2n v\u1edbi ch\u00fang t\u00f4i.<\/p>\n\n","protected":false},"excerpt":{"rendered":"<p>&#8220;Trust in Education Empowering Futures&#8221; Gi\u1edbi thi\u1ec7u University Admission Du h\u1ecdc Australia B\u1ea1n \u0111\u00e3 s\u1eb5n s\u00e0ng kh\u00e1m ph\u00e1 n\u1ec1n gi\u00e1o d\u1ee5c ph\u00e1t tri\u1ec3n t\u1ea1i Australia \u0111\u1ec3 t\u1ea1o n\u1ec1n t\u1ea3ng ki\u1ebfn th\u1ee9c v\u1eefng ch\u1eafc cho ngh\u1ec1 nghi\u1ec7p t\u01b0\u01a1ng lai? C\u00e1c kh\u00f3a h\u1ecdc n\u1ed5i b\u1eadt Admission Li\u00ean k\u1ebft v\u1edbi c\u00e1c tr\u01b0\u1eddng \u0110\u1ea1i h\u1ecdc h\u00e0ng \u0111\u1ea7u n\u01b0\u1edbc \u00dac &hellip;<\/p>\n<p class=\"read-more\"> <a class=\"\" href=\"https:\/\/trustedu.com.vn\/\"> <span class=\"screen-reader-text\">Trang Ch\u1ee7<\/span> Read More &raquo;<\/a><\/p>\n","protected":false},"author":1,"featured_media":0,"parent":0,"menu_order":0,"comment_status":"closed","ping_status":"closed","template":"","meta":{"site-sidebar-layout":"no-sidebar","site-content-layout":"page-builder","ast-site-content-layout":"full-width-container","site-content-style":"unboxed","site-sidebar-style":"unboxed","ast-global-header-display":"","ast-banner-title-visibility":"","ast-main-header-display":"","ast-hfb-above-header-display":"","ast-hfb-below-header-display":"","ast-hfb-mobile-header-display":"","site-post-title":"disabled","ast-breadcrumbs-content":"disabled","ast-featured-img":"disabled","footer-sml-layout":"","theme-transparent-header-meta":"enabled","adv-header-id-meta":"","stick-header-meta":"","header-above-stick-meta":"","header-main-stick-meta":"","header-below-stick-meta":"","astra-migrate-meta-layouts":"set","footnotes":""},"class_list":["post-736","page","type-page","status-publish","hentry"],"yoast_head":"<!-- This site is optimized with the Yoast SEO plugin v21.2 - https:\/\/yoast.com\/wordpress\/plugins\/seo\/ -->\n<title>Trang Ch\u1ee7 - Trust Education<\/title>\n<meta name=\"robots\" content=\"index, follow, max-snippet:-1, max-image-preview:large, max-video-preview:-1\" \/>\n<link rel=\"canonical\" href=\"https:\/\/trustedu.com.vn\/\" \/>\n<meta property=\"og:locale\" content=\"en_US\" \/>\n<meta property=\"og:type\" content=\"article\" \/>\n<meta property=\"og:title\" content=\"Trang Ch\u1ee7 - Trust Education\" \/>\n<meta property=\"og:description\" content=\"&#8220;Trust in Education Empowering Futures&#8221; Gi\u1edbi thi\u1ec7u University Admission Du h\u1ecdc Australia B\u1ea1n \u0111\u00e3 s\u1eb5n s\u00e0ng kh\u00e1m ph\u00e1 n\u1ec1n gi\u00e1o d\u1ee5c ph\u00e1t tri\u1ec3n t\u1ea1i Australia \u0111\u1ec3 t\u1ea1o n\u1ec1n t\u1ea3ng ki\u1ebfn th\u1ee9c v\u1eefng ch\u1eafc cho ngh\u1ec1 nghi\u1ec7p t\u01b0\u01a1ng lai? C\u00e1c kh\u00f3a h\u1ecdc n\u1ed5i b\u1eadt Admission Li\u00ean k\u1ebft v\u1edbi c\u00e1c tr\u01b0\u1eddng \u0110\u1ea1i h\u1ecdc h\u00e0ng \u0111\u1ea7u n\u01b0\u1edbc \u00dac &hellip; Trang Ch\u1ee7 Read More &raquo;\" \/>\n<meta property=\"og:url\" content=\"https:\/\/trustedu.com.vn\/\" \/>\n<meta property=\"og:site_name\" content=\"Trust Education\" \/>\n<meta property=\"article:modified_time\" content=\"2024-10-31T14:17:34+00:00\" \/>\n<meta name=\"twitter:card\" content=\"summary_large_image\" \/>\n<meta name=\"twitter:label1\" content=\"Est. reading time\" \/>\n\t<meta name=\"twitter:data1\" content=\"2 minutes\" \/>\n<script type=\"application\/ld+json\" class=\"yoast-schema-graph\">{\"@context\":\"https:\/\/schema.org\",\"@graph\":[{\"@type\":\"WebPage\",\"@id\":\"https:\/\/trustedu.com.vn\/\",\"url\":\"https:\/\/trustedu.com.vn\/\",\"name\":\"Trang Ch\u1ee7 - Trust Education\",\"isPartOf\":{\"@id\":\"https:\/\/trustedu.com.vn\/#website\"},\"datePublished\":\"2020-11-20T03:24:07+00:00\",\"dateModified\":\"2024-10-31T14:17:34+00:00\",\"breadcrumb\":{\"@id\":\"https:\/\/trustedu.com.vn\/#breadcrumb\"},\"inLanguage\":\"en-US\",\"potentialAction\":[{\"@type\":\"ReadAction\",\"target\":[\"https:\/\/trustedu.com.vn\/\"]}]},{\"@type\":\"BreadcrumbList\",\"@id\":\"https:\/\/trustedu.com.vn\/#breadcrumb\",\"itemListElement\":[{\"@type\":\"ListItem\",\"position\":1,\"name\":\"Home\",\"item\":\"https:\/\/trustedu.com.vn\/\"},{\"@type\":\"ListItem\",\"position\":2,\"name\":\"Trang Ch\u1ee7\"}]},{\"@type\":\"WebSite\",\"@id\":\"https:\/\/trustedu.com.vn\/#website\",\"url\":\"https:\/\/trustedu.com.vn\/\",\"name\":\"Trust Education\",\"description\":\"\",\"publisher\":{\"@id\":\"https:\/\/trustedu.com.vn\/#organization\"},\"potentialAction\":[{\"@type\":\"SearchAction\",\"target\":{\"@type\":\"EntryPoint\",\"urlTemplate\":\"https:\/\/trustedu.com.vn\/?s={search_term_string}\"},\"query-input\":\"required name=search_term_string\"}],\"inLanguage\":\"en-US\"},{\"@type\":\"Organization\",\"@id\":\"https:\/\/trustedu.com.vn\/#organization\",\"name\":\"Trust Education\",\"url\":\"https:\/\/trustedu.com.vn\/\",\"logo\":{\"@type\":\"ImageObject\",\"inLanguage\":\"en-US\",\"@id\":\"https:\/\/trustedu.com.vn\/#\/schema\/logo\/image\/\",\"url\":\"https:\/\/trustedu.com.vn\/wp-content\/uploads\/2020\/04\/logo-regular.png\",\"contentUrl\":\"https:\/\/trustedu.com.vn\/wp-content\/uploads\/2020\/04\/logo-regular.png\",\"width\":224,\"height\":60,\"caption\":\"Trust Education\"},\"image\":{\"@id\":\"https:\/\/trustedu.com.vn\/#\/schema\/logo\/image\/\"}}]}<\/script>\n<!-- \/ Yoast SEO plugin. -->","yoast_head_json":{"title":"Trang Ch\u1ee7 - Trust Education","robots":{"index":"index","follow":"follow","max-snippet":"max-snippet:-1","max-image-preview":"max-image-preview:large","max-video-preview":"max-video-preview:-1"},"canonical":"https:\/\/trustedu.com.vn\/","og_locale":"en_US","og_type":"article","og_title":"Trang Ch\u1ee7 - Trust Education","og_description":"&#8220;Trust in Education Empowering Futures&#8221; Gi\u1edbi thi\u1ec7u University Admission Du h\u1ecdc Australia B\u1ea1n \u0111\u00e3 s\u1eb5n s\u00e0ng kh\u00e1m ph\u00e1 n\u1ec1n gi\u00e1o d\u1ee5c ph\u00e1t tri\u1ec3n t\u1ea1i Australia \u0111\u1ec3 t\u1ea1o n\u1ec1n t\u1ea3ng ki\u1ebfn th\u1ee9c v\u1eefng ch\u1eafc cho ngh\u1ec1 nghi\u1ec7p t\u01b0\u01a1ng lai? C\u00e1c kh\u00f3a h\u1ecdc n\u1ed5i b\u1eadt Admission Li\u00ean k\u1ebft v\u1edbi c\u00e1c tr\u01b0\u1eddng \u0110\u1ea1i h\u1ecdc h\u00e0ng \u0111\u1ea7u n\u01b0\u1edbc \u00dac &hellip; Trang Ch\u1ee7 Read More &raquo;","og_url":"https:\/\/trustedu.com.vn\/","og_site_name":"Trust Education","article_modified_time":"2024-10-31T14:17:34+00:00","twitter_card":"summary_large_image","twitter_misc":{"Est. reading time":"2 minutes"},"schema":{"@context":"https:\/\/schema.org","@graph":[{"@type":"WebPage","@id":"https:\/\/trustedu.com.vn\/","url":"https:\/\/trustedu.com.vn\/","name":"Trang Ch\u1ee7 - Trust Education","isPartOf":{"@id":"https:\/\/trustedu.com.vn\/#website"},"datePublished":"2020-11-20T03:24:07+00:00","dateModified":"2024-10-31T14:17:34+00:00","breadcrumb":{"@id":"https:\/\/trustedu.com.vn\/#breadcrumb"},"inLanguage":"en-US","potentialAction":[{"@type":"ReadAction","target":["https:\/\/trustedu.com.vn\/"]}]},{"@type":"BreadcrumbList","@id":"https:\/\/trustedu.com.vn\/#breadcrumb","itemListElement":[{"@type":"ListItem","position":1,"name":"Home","item":"https:\/\/trustedu.com.vn\/"},{"@type":"ListItem","position":2,"name":"Trang Ch\u1ee7"}]},{"@type":"WebSite","@id":"https:\/\/trustedu.com.vn\/#website","url":"https:\/\/trustedu.com.vn\/","name":"Trust Education","description":"","publisher":{"@id":"https:\/\/trustedu.com.vn\/#organization"},"potentialAction":[{"@type":"SearchAction","target":{"@type":"EntryPoint","urlTemplate":"https:\/\/trustedu.com.vn\/?s={search_term_string}"},"query-input":"required name=search_term_string"}],"inLanguage":"en-US"},{"@type":"Organization","@id":"https:\/\/trustedu.com.vn\/#organization","name":"Trust Education","url":"https:\/\/trustedu.com.vn\/","logo":{"@type":"ImageObject","inLanguage":"en-US","@id":"https:\/\/trustedu.com.vn\/#\/schema\/logo\/image\/","url":"https:\/\/trustedu.com.vn\/wp-content\/uploads\/2020\/04\/logo-regular.png","contentUrl":"https:\/\/trustedu.com.vn\/wp-content\/uploads\/2020\/04\/logo-regular.png","width":224,"height":60,"caption":"Trust Education"},"image":{"@id":"https:\/\/trustedu.com.vn\/#\/schema\/logo\/image\/"}}]}},"_links":{"self":[{"href":"https:\/\/trustedu.com.vn\/index.php?rest_route=\/wp\/v2\/pages\/736","targetHints":{"allow":["GET"]}}],"collection":[{"href":"https:\/\/trustedu.com.vn\/index.php?rest_route=\/wp\/v2\/pages"}],"about":[{"href":"https:\/\/trustedu.com.vn\/index.php?rest_route=\/wp\/v2\/types\/page"}],"author":[{"embeddable":true,"href":"https:\/\/trustedu.com.vn\/index.php?rest_route=\/wp\/v2\/users\/1"}],"replies":[{"embeddable":true,"href":"https:\/\/trustedu.com.vn\/index.php?rest_route=%2Fwp%2Fv2%2Fcomments&post=736"}],"version-history":[{"count":22,"href":"https:\/\/trustedu.com.vn\/index.php?rest_route=\/wp\/v2\/pages\/736\/revisions"}],"predecessor-version":[{"id":1166,"href":"https:\/\/trustedu.com.vn\/index.php?rest_route=\/wp\/v2\/pages\/736\/revisions\/1166"}],"wp:attachment":[{"href":"https:\/\/trustedu.com.vn\/index.php?rest_route=%2Fwp%2Fv2%2Fmedia&parent=736"}],"curies":[{"name":"wp","href":"https:\/\/api.w.org\/{rel}","templated":true}]}}